{"id":184,"date":"2025-09-10T10:57:17","date_gmt":"2025-09-10T08:57:17","guid":{"rendered":"https:\/\/kartinggrandprix.pl\/?page_id=184"},"modified":"2025-09-10T15:08:02","modified_gmt":"2025-09-10T13:08:02","slug":"multimedia","status":"publish","type":"page","link":"https:\/\/kartinggrandprix.pl\/index.php\/multimedia\/","title":{"rendered":"Multimedia"},"content":{"rendered":"\t\t<div data-elementor-type=\"wp-page\" data-elementor-id=\"184\" class=\"elementor elementor-184\" data-elementor-settings=\"{&quot;ha_cmc_init_switcher&quot;:&quot;no&quot;}\">\n\t\t\t\t<div class=\"elementor-element elementor-element-bf29a9f e-con-full e-flex e-con e-parent\" data-id=\"bf29a9f\" data-element_type=\"container\" data-settings=\"{&quot;background_background&quot;:&quot;classic&quot;,&quot;_ha_eqh_enable&quot;:false}\">\n\t\t\t\t<\/div>\n\t\t<div class=\"elementor-element elementor-element-14f3c35 e-flex e-con-boxed e-con e-parent\" data-id=\"14f3c35\" data-element_type=\"container\" data-settings=\"{&quot;background_background&quot;:&quot;classic&quot;,&quot;_ha_eqh_enable&quot;:false}\">\n\t\t\t\t\t<div class=\"e-con-inner\">\n\t\t\t\t<div class=\"elementor-element elementor-element-c1d84b3 elementor-widget elementor-widget-ucaddon_breadcrumbs_widget\" data-id=\"c1d84b3\" data-element_type=\"widget\" data-widget_type=\"ucaddon_breadcrumbs_widget.default\">\n\t\t\t\t<div class=\"elementor-widget-container\">\n\t\t\t\t\t\n<!-- start Breadcrumbs -->\n\t\t<link id='font-awesome-css' href='https:\/\/kartinggrandprix.pl\/wp-content\/plugins\/unlimited-elements-for-elementor\/assets_libraries\/font-awesome6\/fontawesome-all.min.css' type='text\/css' rel='stylesheet' >\n\t\t<link id='font-awesome-4-shim-css' href='https:\/\/kartinggrandprix.pl\/wp-content\/plugins\/unlimited-elements-for-elementor\/assets_libraries\/font-awesome6\/fontawesome-v4-shims.min.css' type='text\/css' rel='stylesheet' >\n\n<style>\/* widget: Breadcrumbs *\/\n\n#uc_breadcrumbs_widget_elementor_c1d84b3 .uc-breadcrumbs-list {\n  margin: 0;\n  padding: 0;\n  display: flex;\n  flex-wrap: wrap;\n}\n#uc_breadcrumbs_widget_elementor_c1d84b3 .uc-breadcrumbs-list li {\n  display: flex;\n  align-items: center;\n  list-style-type: none;\n}\n#uc_breadcrumbs_widget_elementor_c1d84b3 .uc-item-title {\n    position: relative;\n    display: inline-flex;\n    justify-content: center;\n    align-items: center;\n}\n#uc_breadcrumbs_widget_elementor_c1d84b3 .uc-item-title-inner{\n  display: flex;\n  align-items: center;\n}\n\n\n\n\n\n\n\n<\/style>\n\n\n    \t\n            <div id=\"uc_breadcrumbs_widget_elementor_c1d84b3\" class=\"uc-breadcrumbs\">\n            <ul class=\"uc-breadcrumbs-list default\">\n                                                            <li class=\"uc-breadcrumb-item\">\n                            <a href=\"https:\/\/kartinggrandprix.pl\/\" class=\"uc-item-title\">\n                              <span class=\"uc-item-title-inner\">\n                                                                                                Strona g\u0142\u00f3wna\n                              <\/span>\n                            <\/a>\n                                                    <\/li>              \t\t    \n                                                <\/ul>\n        <\/div>\n\n            \n<!-- end Breadcrumbs -->\t\t\t\t<\/div>\n\t\t\t\t<\/div>\n\t\t\t\t<div class=\"elementor-element elementor-element-2b54259 elementor-widget elementor-widget-spacer\" data-id=\"2b54259\" data-element_type=\"widget\" data-widget_type=\"spacer.default\">\n\t\t\t\t\t\t\t<div class=\"elementor-spacer\">\n\t\t\t<div class=\"elementor-spacer-inner\"><\/div>\n\t\t<\/div>\n\t\t\t\t\t\t<\/div>\n\t\t\t\t<div class=\"elementor-element elementor-element-a11a451 elementor-widget elementor-widget-heading\" data-id=\"a11a451\" data-element_type=\"widget\" data-widget_type=\"heading.default\">\n\t\t\t\t\t<h1 class=\"elementor-heading-title elementor-size-default\">Multimedia<\/h1>\t\t\t\t<\/div>\n\t\t\t\t<div class=\"elementor-element elementor-element-30e041c elementor-widget elementor-widget-text-editor\" data-id=\"30e041c\" data-element_type=\"widget\" data-widget_type=\"text-editor.default\">\n\t\t\t\t\t\t\t\t\t<p>Kartingowe chwile, kt\u00f3re warto zapami\u0119ta\u0107<\/p>\t\t\t\t\t\t\t\t<\/div>\n\t\t\t\t<div class=\"elementor-element elementor-element-4c9529a ha-image-grid--masonry elementor-widget elementor-widget-ha-image-grid happy-addon ha-image-grid\" data-id=\"4c9529a\" data-element_type=\"widget\" data-settings=\"{&quot;layout&quot;:&quot;masonry&quot;,&quot;enable_popup&quot;:&quot;yes&quot;}\" data-widget_type=\"ha-image-grid.default\">\n\t\t\t\t\t\n\t\t<div class=\"ha-image-grid__wrap hajs-isotope ha-lightbox--has\">\n\t\t\t\t\t\t\t\n\t\t\t\t<a href=\"#\" data-mfp-src=\"https:\/\/kartinggrandprix.pl\/wp-content\/uploads\/2025\/09\/MG-4411-002-.jpg\" class=\"ha-image-grid__item ha-js-lightbox __fltr-1\">\n\t\t\t\t\t<img loading=\"lazy\" decoding=\"async\" width=\"768\" height=\"768\" src=\"https:\/\/kartinggrandprix.pl\/wp-content\/uploads\/2025\/09\/MG-4411-002--768x768.jpg\" class=\"elementor-animation-grow\" alt=\"\" srcset=\"https:\/\/kartinggrandprix.pl\/wp-content\/uploads\/2025\/09\/MG-4411-002--768x768.jpg 768w, https:\/\/kartinggrandprix.pl\/wp-content\/uploads\/2025\/09\/MG-4411-002--300x300.jpg 300w, https:\/\/kartinggrandprix.pl\/wp-content\/uploads\/2025\/09\/MG-4411-002--1024x1024.jpg 1024w, https:\/\/kartinggrandprix.pl\/wp-content\/uploads\/2025\/09\/MG-4411-002--150x150.jpg 150w, https:\/\/kartinggrandprix.pl\/wp-content\/uploads\/2025\/09\/MG-4411-002-.jpg 1067w\" sizes=\"(max-width: 768px) 100vw, 768px\" \/>\t\t\t\t<\/a>\n\t\t\t\t\t\t\t\n\t\t\t\t<a href=\"#\" data-mfp-src=\"https:\/\/kartinggrandprix.pl\/wp-content\/uploads\/2025\/09\/MG-4384.jpg\" class=\"ha-image-grid__item ha-js-lightbox __fltr-1\">\n\t\t\t\t\t<img loading=\"lazy\" decoding=\"async\" width=\"768\" height=\"768\" src=\"https:\/\/kartinggrandprix.pl\/wp-content\/uploads\/2025\/09\/MG-4384-768x768.jpg\" class=\"elementor-animation-grow\" alt=\"\" srcset=\"https:\/\/kartinggrandprix.pl\/wp-content\/uploads\/2025\/09\/MG-4384-768x768.jpg 768w, https:\/\/kartinggrandprix.pl\/wp-content\/uploads\/2025\/09\/MG-4384-300x300.jpg 300w, https:\/\/kartinggrandprix.pl\/wp-content\/uploads\/2025\/09\/MG-4384-150x150.jpg 150w, https:\/\/kartinggrandprix.pl\/wp-content\/uploads\/2025\/09\/MG-4384.jpg 950w\" sizes=\"(max-width: 768px) 100vw, 768px\" \/>\t\t\t\t<\/a>\n\t\t\t\t\t\t\t\n\t\t\t\t<a href=\"#\" data-mfp-src=\"https:\/\/kartinggrandprix.pl\/wp-content\/uploads\/2025\/09\/MG-3746.jpg\" class=\"ha-image-grid__item ha-js-lightbox __fltr-1\">\n\t\t\t\t\t<img loading=\"lazy\" decoding=\"async\" width=\"768\" height=\"768\" src=\"https:\/\/kartinggrandprix.pl\/wp-content\/uploads\/2025\/09\/MG-3746-768x768.jpg\" class=\"elementor-animation-grow\" alt=\"\" srcset=\"https:\/\/kartinggrandprix.pl\/wp-content\/uploads\/2025\/09\/MG-3746-768x768.jpg 768w, https:\/\/kartinggrandprix.pl\/wp-content\/uploads\/2025\/09\/MG-3746-300x300.jpg 300w, https:\/\/kartinggrandprix.pl\/wp-content\/uploads\/2025\/09\/MG-3746-1024x1024.jpg 1024w, https:\/\/kartinggrandprix.pl\/wp-content\/uploads\/2025\/09\/MG-3746-150x150.jpg 150w, https:\/\/kartinggrandprix.pl\/wp-content\/uploads\/2025\/09\/MG-3746.jpg 1067w\" sizes=\"(max-width: 768px) 100vw, 768px\" \/>\t\t\t\t<\/a>\n\t\t\t\t\t\t\t\n\t\t\t\t<a href=\"#\" data-mfp-src=\"https:\/\/kartinggrandprix.pl\/wp-content\/uploads\/2025\/09\/dji-0132-002-1773294-1-.jpg\" class=\"ha-image-grid__item ha-js-lightbox __fltr-1\">\n\t\t\t\t\t<img loading=\"lazy\" decoding=\"async\" width=\"768\" height=\"768\" src=\"https:\/\/kartinggrandprix.pl\/wp-content\/uploads\/2025\/09\/dji-0132-002-1773294-1--768x768.jpg\" class=\"elementor-animation-grow\" alt=\"\" srcset=\"https:\/\/kartinggrandprix.pl\/wp-content\/uploads\/2025\/09\/dji-0132-002-1773294-1--768x768.jpg 768w, https:\/\/kartinggrandprix.pl\/wp-content\/uploads\/2025\/09\/dji-0132-002-1773294-1--300x300.jpg 300w, https:\/\/kartinggrandprix.pl\/wp-content\/uploads\/2025\/09\/dji-0132-002-1773294-1--150x150.jpg 150w, https:\/\/kartinggrandprix.pl\/wp-content\/uploads\/2025\/09\/dji-0132-002-1773294-1-.jpg 959w\" sizes=\"(max-width: 768px) 100vw, 768px\" \/>\t\t\t\t<\/a>\n\t\t\t\t\t\t\t\n\t\t\t\t<a href=\"#\" data-mfp-src=\"https:\/\/kartinggrandprix.pl\/wp-content\/uploads\/2025\/08\/karting-day.00_00_05_30.Still001.jpg\" class=\"ha-image-grid__item ha-js-lightbox __fltr-1\">\n\t\t\t\t\t<img loading=\"lazy\" decoding=\"async\" width=\"768\" height=\"768\" src=\"https:\/\/kartinggrandprix.pl\/wp-content\/uploads\/2025\/08\/karting-day.00_00_05_30.Still001-768x768.jpg\" class=\"elementor-animation-grow\" alt=\"\" srcset=\"https:\/\/kartinggrandprix.pl\/wp-content\/uploads\/2025\/08\/karting-day.00_00_05_30.Still001-768x768.jpg 768w, https:\/\/kartinggrandprix.pl\/wp-content\/uploads\/2025\/08\/karting-day.00_00_05_30.Still001-300x300.jpg 300w, https:\/\/kartinggrandprix.pl\/wp-content\/uploads\/2025\/08\/karting-day.00_00_05_30.Still001-150x150.jpg 150w, https:\/\/kartinggrandprix.pl\/wp-content\/uploads\/2025\/08\/karting-day.00_00_05_30.Still001.jpg 870w\" sizes=\"(max-width: 768px) 100vw, 768px\" \/>\t\t\t\t<\/a>\n\t\t\t\t\t\t\t\n\t\t\t\t<a href=\"#\" data-mfp-src=\"https:\/\/kartinggrandprix.pl\/wp-content\/uploads\/2025\/08\/karting-day.00_00_07_37.Still002.jpg\" class=\"ha-image-grid__item ha-js-lightbox __fltr-1\">\n\t\t\t\t\t<img loading=\"lazy\" decoding=\"async\" width=\"768\" height=\"768\" src=\"https:\/\/kartinggrandprix.pl\/wp-content\/uploads\/2025\/08\/karting-day.00_00_07_37.Still002-768x768.jpg\" class=\"elementor-animation-grow\" alt=\"\" srcset=\"https:\/\/kartinggrandprix.pl\/wp-content\/uploads\/2025\/08\/karting-day.00_00_07_37.Still002-768x768.jpg 768w, https:\/\/kartinggrandprix.pl\/wp-content\/uploads\/2025\/08\/karting-day.00_00_07_37.Still002-300x300.jpg 300w, https:\/\/kartinggrandprix.pl\/wp-content\/uploads\/2025\/08\/karting-day.00_00_07_37.Still002-150x150.jpg 150w, https:\/\/kartinggrandprix.pl\/wp-content\/uploads\/2025\/08\/karting-day.00_00_07_37.Still002.jpg 933w\" sizes=\"(max-width: 768px) 100vw, 768px\" \/>\t\t\t\t<\/a>\n\t\t\t\t\t\t\t\n\t\t\t\t<a href=\"#\" data-mfp-src=\"https:\/\/kartinggrandprix.pl\/wp-content\/uploads\/2025\/08\/karting-day.00_00_08_30.Still003.jpg\" class=\"ha-image-grid__item ha-js-lightbox __fltr-1\">\n\t\t\t\t\t<img loading=\"lazy\" decoding=\"async\" width=\"768\" height=\"768\" src=\"https:\/\/kartinggrandprix.pl\/wp-content\/uploads\/2025\/08\/karting-day.00_00_08_30.Still003-768x768.jpg\" class=\"elementor-animation-grow\" alt=\"\" srcset=\"https:\/\/kartinggrandprix.pl\/wp-content\/uploads\/2025\/08\/karting-day.00_00_08_30.Still003-768x768.jpg 768w, https:\/\/kartinggrandprix.pl\/wp-content\/uploads\/2025\/08\/karting-day.00_00_08_30.Still003-300x300.jpg 300w, https:\/\/kartinggrandprix.pl\/wp-content\/uploads\/2025\/08\/karting-day.00_00_08_30.Still003-1024x1024.jpg 1024w, https:\/\/kartinggrandprix.pl\/wp-content\/uploads\/2025\/08\/karting-day.00_00_08_30.Still003-150x150.jpg 150w, https:\/\/kartinggrandprix.pl\/wp-content\/uploads\/2025\/08\/karting-day.00_00_08_30.Still003.jpg 1080w\" sizes=\"(max-width: 768px) 100vw, 768px\" \/>\t\t\t\t<\/a>\n\t\t\t\t\t\t\t\n\t\t\t\t<a href=\"#\" data-mfp-src=\"https:\/\/kartinggrandprix.pl\/wp-content\/uploads\/2025\/08\/karting-day.00_00_32_35.Still004.jpg\" class=\"ha-image-grid__item ha-js-lightbox __fltr-1\">\n\t\t\t\t\t<img loading=\"lazy\" decoding=\"async\" width=\"768\" height=\"768\" src=\"https:\/\/kartinggrandprix.pl\/wp-content\/uploads\/2025\/08\/karting-day.00_00_32_35.Still004-768x768.jpg\" class=\"elementor-animation-grow\" alt=\"\" srcset=\"https:\/\/kartinggrandprix.pl\/wp-content\/uploads\/2025\/08\/karting-day.00_00_32_35.Still004-768x768.jpg 768w, https:\/\/kartinggrandprix.pl\/wp-content\/uploads\/2025\/08\/karting-day.00_00_32_35.Still004-300x300.jpg 300w, https:\/\/kartinggrandprix.pl\/wp-content\/uploads\/2025\/08\/karting-day.00_00_32_35.Still004-1024x1024.jpg 1024w, https:\/\/kartinggrandprix.pl\/wp-content\/uploads\/2025\/08\/karting-day.00_00_32_35.Still004-150x150.jpg 150w, https:\/\/kartinggrandprix.pl\/wp-content\/uploads\/2025\/08\/karting-day.00_00_32_35.Still004.jpg 1080w\" sizes=\"(max-width: 768px) 100vw, 768px\" \/>\t\t\t\t<\/a>\n\t\t\t\t\t\t\t\n\t\t\t\t<a href=\"#\" data-mfp-src=\"https:\/\/kartinggrandprix.pl\/wp-content\/uploads\/2025\/08\/karting-day.00_00_45_52.Still006.jpg\" class=\"ha-image-grid__item ha-js-lightbox __fltr-1\">\n\t\t\t\t\t<img loading=\"lazy\" decoding=\"async\" width=\"768\" height=\"768\" src=\"https:\/\/kartinggrandprix.pl\/wp-content\/uploads\/2025\/08\/karting-day.00_00_45_52.Still006-768x768.jpg\" class=\"elementor-animation-grow\" alt=\"\" srcset=\"https:\/\/kartinggrandprix.pl\/wp-content\/uploads\/2025\/08\/karting-day.00_00_45_52.Still006-768x768.jpg 768w, https:\/\/kartinggrandprix.pl\/wp-content\/uploads\/2025\/08\/karting-day.00_00_45_52.Still006-300x300.jpg 300w, https:\/\/kartinggrandprix.pl\/wp-content\/uploads\/2025\/08\/karting-day.00_00_45_52.Still006-1024x1024.jpg 1024w, https:\/\/kartinggrandprix.pl\/wp-content\/uploads\/2025\/08\/karting-day.00_00_45_52.Still006-150x150.jpg 150w, https:\/\/kartinggrandprix.pl\/wp-content\/uploads\/2025\/08\/karting-day.00_00_45_52.Still006.jpg 1080w\" sizes=\"(max-width: 768px) 100vw, 768px\" \/>\t\t\t\t<\/a>\n\t\t\t\t\t\t\t\n\t\t\t\t<a href=\"#\" data-mfp-src=\"https:\/\/kartinggrandprix.pl\/wp-content\/uploads\/2025\/08\/karting-day.00_00_38_13.Still005.jpg\" class=\"ha-image-grid__item ha-js-lightbox __fltr-1\">\n\t\t\t\t\t<img loading=\"lazy\" decoding=\"async\" width=\"768\" height=\"768\" src=\"https:\/\/kartinggrandprix.pl\/wp-content\/uploads\/2025\/08\/karting-day.00_00_38_13.Still005-768x768.jpg\" class=\"elementor-animation-grow\" alt=\"\" srcset=\"https:\/\/kartinggrandprix.pl\/wp-content\/uploads\/2025\/08\/karting-day.00_00_38_13.Still005-768x768.jpg 768w, https:\/\/kartinggrandprix.pl\/wp-content\/uploads\/2025\/08\/karting-day.00_00_38_13.Still005-300x300.jpg 300w, https:\/\/kartinggrandprix.pl\/wp-content\/uploads\/2025\/08\/karting-day.00_00_38_13.Still005-150x150.jpg 150w, https:\/\/kartinggrandprix.pl\/wp-content\/uploads\/2025\/08\/karting-day.00_00_38_13.Still005.jpg 826w\" sizes=\"(max-width: 768px) 100vw, 768px\" \/>\t\t\t\t<\/a>\n\t\t\t\t\t\t\t\n\t\t\t\t<a href=\"#\" data-mfp-src=\"https:\/\/kartinggrandprix.pl\/wp-content\/uploads\/2025\/08\/karting-day.00_00_48_00.Still007.jpg\" class=\"ha-image-grid__item ha-js-lightbox __fltr-1\">\n\t\t\t\t\t<img loading=\"lazy\" decoding=\"async\" width=\"768\" height=\"768\" src=\"https:\/\/kartinggrandprix.pl\/wp-content\/uploads\/2025\/08\/karting-day.00_00_48_00.Still007-768x768.jpg\" class=\"elementor-animation-grow\" alt=\"\" srcset=\"https:\/\/kartinggrandprix.pl\/wp-content\/uploads\/2025\/08\/karting-day.00_00_48_00.Still007-768x768.jpg 768w, https:\/\/kartinggrandprix.pl\/wp-content\/uploads\/2025\/08\/karting-day.00_00_48_00.Still007-300x300.jpg 300w, https:\/\/kartinggrandprix.pl\/wp-content\/uploads\/2025\/08\/karting-day.00_00_48_00.Still007-1024x1024.jpg 1024w, https:\/\/kartinggrandprix.pl\/wp-content\/uploads\/2025\/08\/karting-day.00_00_48_00.Still007-150x150.jpg 150w, https:\/\/kartinggrandprix.pl\/wp-content\/uploads\/2025\/08\/karting-day.00_00_48_00.Still007.jpg 1080w\" sizes=\"(max-width: 768px) 100vw, 768px\" \/>\t\t\t\t<\/a>\n\t\t\t\t\t\t\t\n\t\t\t\t<a href=\"#\" data-mfp-src=\"https:\/\/kartinggrandprix.pl\/wp-content\/uploads\/2025\/08\/karting-day.00_00_52_15.Still008.jpg\" class=\"ha-image-grid__item ha-js-lightbox __fltr-1\">\n\t\t\t\t\t<img loading=\"lazy\" decoding=\"async\" width=\"768\" height=\"768\" src=\"https:\/\/kartinggrandprix.pl\/wp-content\/uploads\/2025\/08\/karting-day.00_00_52_15.Still008-768x768.jpg\" class=\"elementor-animation-grow\" alt=\"\" srcset=\"https:\/\/kartinggrandprix.pl\/wp-content\/uploads\/2025\/08\/karting-day.00_00_52_15.Still008-768x768.jpg 768w, https:\/\/kartinggrandprix.pl\/wp-content\/uploads\/2025\/08\/karting-day.00_00_52_15.Still008-300x300.jpg 300w, https:\/\/kartinggrandprix.pl\/wp-content\/uploads\/2025\/08\/karting-day.00_00_52_15.Still008-1024x1024.jpg 1024w, https:\/\/kartinggrandprix.pl\/wp-content\/uploads\/2025\/08\/karting-day.00_00_52_15.Still008-150x150.jpg 150w, https:\/\/kartinggrandprix.pl\/wp-content\/uploads\/2025\/08\/karting-day.00_00_52_15.Still008.jpg 1080w\" sizes=\"(max-width: 768px) 100vw, 768px\" \/>\t\t\t\t<\/a>\n\t\t\t\t\t<\/div>\n\n\t\t\t\t\t\t<\/div>\n\t\t<div class=\"elementor-element elementor-element-fa6c094 e-con-full e-flex e-con e-child\" data-id=\"fa6c094\" data-element_type=\"container\" data-settings=\"{&quot;_ha_eqh_enable&quot;:false}\">\n\t\t\t\t<div class=\"elementor-element elementor-element-94d67f1 elementor-widget elementor-widget-spacer\" data-id=\"94d67f1\" data-element_type=\"widget\" data-widget_type=\"spacer.default\">\n\t\t\t\t\t\t\t<div class=\"elementor-spacer\">\n\t\t\t<div class=\"elementor-spacer-inner\"><\/div>\n\t\t<\/div>\n\t\t\t\t\t\t<\/div>\n\t\t\t\t<\/div>\n\t\t<div class=\"elementor-element elementor-element-f2cdafb e-con-full e-flex e-con e-child\" data-id=\"f2cdafb\" data-element_type=\"container\" data-settings=\"{&quot;_ha_eqh_enable&quot;:false}\">\n\t\t<div class=\"elementor-element elementor-element-ea93756 e-con-full e-flex e-con e-child\" data-id=\"ea93756\" data-element_type=\"container\" data-settings=\"{&quot;_ha_eqh_enable&quot;:false}\">\n\t\t\t\t<div class=\"elementor-element elementor-element-07c4779 elementor-widget elementor-widget-video\" data-id=\"07c4779\" data-element_type=\"widget\" data-settings=\"{&quot;youtube_url&quot;:&quot;https:\\\/\\\/youtu.be\\\/wT3_FGffAkk&quot;,&quot;video_type&quot;:&quot;youtube&quot;}\" data-widget_type=\"video.default\">\n\t\t\t\t\t\t\t<div class=\"elementor-wrapper elementor-open-inline\">\n\t\t\t<div class=\"elementor-video\"><\/div>\t\t<\/div>\n\t\t\t\t\t\t<\/div>\n\t\t\t\t<\/div>\n\t\t<div class=\"elementor-element elementor-element-262ca67 e-con-full e-flex e-con e-child\" data-id=\"262ca67\" data-element_type=\"container\" data-settings=\"{&quot;_ha_eqh_enable&quot;:false}\">\n\t\t\t\t<div class=\"elementor-element elementor-element-589ea44 elementor-widget elementor-widget-video\" data-id=\"589ea44\" data-element_type=\"widget\" data-settings=\"{&quot;youtube_url&quot;:&quot;https:\\\/\\\/youtu.be\\\/M_Y7wS9EpGQ&quot;,&quot;video_type&quot;:&quot;youtube&quot;}\" data-widget_type=\"video.default\">\n\t\t\t\t\t\t\t<div class=\"elementor-wrapper elementor-open-inline\">\n\t\t\t<div class=\"elementor-video\"><\/div>\t\t<\/div>\n\t\t\t\t\t\t<\/div>\n\t\t\t\t<\/div>\n\t\t\t\t<\/div>\n\t\t\t\t\t<\/div>\n\t\t\t\t<\/div>\n\t\t<div class=\"elementor-element elementor-element-6815dc5 e-flex e-con-boxed e-con e-parent\" data-id=\"6815dc5\" data-element_type=\"container\" data-settings=\"{&quot;_ha_eqh_enable&quot;:false}\">\n\t\t\t\t\t<div class=\"e-con-inner\">\n\t\t\t\t<div class=\"elementor-element elementor-element-a835a56 elementor-widget elementor-widget-spacer\" data-id=\"a835a56\" data-element_type=\"widget\" data-widget_type=\"spacer.default\">\n\t\t\t\t\t\t\t<div class=\"elementor-spacer\">\n\t\t\t<div class=\"elementor-spacer-inner\"><\/div>\n\t\t<\/div>\n\t\t\t\t\t\t<\/div>\n\t\t\t\t\t<\/div>\n\t\t\t\t<\/div>\n\t\t<div class=\"elementor-element elementor-element-cf2b90c e-flex e-con-boxed e-con e-parent\" data-id=\"cf2b90c\" data-element_type=\"container\" data-settings=\"{&quot;background_background&quot;:&quot;classic&quot;,&quot;_ha_eqh_enable&quot;:false}\">\n\t\t\t\t\t<div class=\"e-con-inner\">\n\t\t<div class=\"elementor-element elementor-element-643eb05 e-con-full e-flex e-con e-child\" data-id=\"643eb05\" data-element_type=\"container\" data-settings=\"{&quot;_ha_eqh_enable&quot;:false}\">\n\t\t<div class=\"elementor-element elementor-element-96a6ec8 e-con-full e-flex e-con e-child\" data-id=\"96a6ec8\" data-element_type=\"container\" data-settings=\"{&quot;_ha_eqh_enable&quot;:false}\">\n\t\t\t\t<div class=\"elementor-element elementor-element-4721852 elementor-widget elementor-widget-spacer\" data-id=\"4721852\" data-element_type=\"widget\" data-widget_type=\"spacer.default\">\n\t\t\t\t\t\t\t<div class=\"elementor-spacer\">\n\t\t\t<div class=\"elementor-spacer-inner\"><\/div>\n\t\t<\/div>\n\t\t\t\t\t\t<\/div>\n\t\t\t\t<div class=\"elementor-element elementor-element-fd23eaa elementor-widget elementor-widget-heading\" data-id=\"fd23eaa\" data-element_type=\"widget\" data-widget_type=\"heading.default\">\n\t\t\t\t\t<h2 class=\"elementor-heading-title elementor-size-default\">Zdj\u0119cia i filmy,<\/h2>\t\t\t\t<\/div>\n\t\t\t\t<div class=\"elementor-element elementor-element-05228dc elementor-widget elementor-widget-text-editor\" data-id=\"05228dc\" data-element_type=\"widget\" data-widget_type=\"text-editor.default\">\n\t\t\t\t\t\t\t\t\t<p>kt\u00f3re rozpalaj\u0105 wyobra\u017ani\u0119<\/p>\t\t\t\t\t\t\t\t<\/div>\n\t\t\t\t<\/div>\n\t\t<div class=\"elementor-element elementor-element-a4f3b8e e-con-full e-flex e-con e-child\" data-id=\"a4f3b8e\" data-element_type=\"container\" data-settings=\"{&quot;_ha_eqh_enable&quot;:false}\">\n\t\t\t\t<div class=\"elementor-element elementor-element-019fa3a elementor-widget elementor-widget-spacer\" data-id=\"019fa3a\" data-element_type=\"widget\" data-widget_type=\"spacer.default\">\n\t\t\t\t\t\t\t<div class=\"elementor-spacer\">\n\t\t\t<div class=\"elementor-spacer-inner\"><\/div>\n\t\t<\/div>\n\t\t\t\t\t\t<\/div>\n\t\t\t\t<div class=\"elementor-element elementor-element-46ef3cb elementor-widget elementor-widget-text-editor\" data-id=\"46ef3cb\" data-element_type=\"widget\" data-widget_type=\"text-editor.default\">\n\t\t\t\t\t\t\t\t\t<p>To nie tylko pami\u0105tka, ale r\u00f3wnie\u017c \u015bwietna inspiracja do zorganizowania w\u0142asnego wydarzenia. Ogl\u0105daj\u0105c zdj\u0119cia i kr\u00f3tkie relacje wideo, \u0142atwo wyobrazi\u0107 sobie siebie i swoj\u0105 dru\u017cyn\u0119 na starcie. Regularnie uzupe\u0142niamy t\u0119 sekcj\u0119 nowymi materia\u0142ami, aby pokaza\u0107 najciekawsze momenty z naszych Grand Prix oraz odda\u0107 prawdziwy charakter tej wyj\u0105tkowej przygody.<\/p>\t\t\t\t\t\t\t\t<\/div>\n\t\t\t\t<div class=\"elementor-element elementor-element-7d540eb e-transform elementor-align-right elementor-mobile-align-center elementor-widget elementor-widget-button\" data-id=\"7d540eb\" data-element_type=\"widget\" data-settings=\"{&quot;_transform_skewX_effect&quot;:{&quot;unit&quot;:&quot;px&quot;,&quot;size&quot;:-9,&quot;sizes&quot;:[]},&quot;_transform_skewX_effect_tablet&quot;:{&quot;unit&quot;:&quot;deg&quot;,&quot;size&quot;:&quot;&quot;,&quot;sizes&quot;:[]},&quot;_transform_skewX_effect_mobile&quot;:{&quot;unit&quot;:&quot;deg&quot;,&quot;size&quot;:&quot;&quot;,&quot;sizes&quot;:[]},&quot;_transform_skewY_effect&quot;:{&quot;unit&quot;:&quot;px&quot;,&quot;size&quot;:&quot;&quot;,&quot;sizes&quot;:[]},&quot;_transform_skewY_effect_tablet&quot;:{&quot;unit&quot;:&quot;deg&quot;,&quot;size&quot;:&quot;&quot;,&quot;sizes&quot;:[]},&quot;_transform_skewY_effect_mobile&quot;:{&quot;unit&quot;:&quot;deg&quot;,&quot;size&quot;:&quot;&quot;,&quot;sizes&quot;:[]}}\" data-widget_type=\"button.default\">\n\t\t\t\t\t\t\t\t\t\t<a class=\"elementor-button elementor-button-link elementor-size-sm elementor-animation-grow\" href=\"https:\/\/kartinggrandprix.pl\/index.php\/kontakt#formularz-kontaktowy\">\n\t\t\t\t\t\t<span class=\"elementor-button-content-wrapper\">\n\t\t\t\t\t\t<span class=\"elementor-button-icon\">\n\t\t\t\t<svg aria-hidden=\"true\" class=\"e-font-icon-svg e-fas-arrow-alt-circle-right\" viewBox=\"0 0 512 512\" xmlns=\"http:\/\/www.w3.org\/2000\/svg\"><path d=\"M256 8c137 0 248 111 248 248S393 504 256 504 8 393 8 256 119 8 256 8zM140 300h116v70.9c0 10.7 13 16.1 20.5 8.5l114.3-114.9c4.7-4.7 4.7-12.2 0-16.9l-114.3-115c-7.6-7.6-20.5-2.2-20.5 8.5V212H140c-6.6 0-12 5.4-12 12v64c0 6.6 5.4 12 12 12z\"><\/path><\/svg>\t\t\t<\/span>\n\t\t\t\t\t\t\t\t\t<span class=\"elementor-button-text\">Zarezerwuj tor! <\/span>\n\t\t\t\t\t<\/span>\n\t\t\t\t\t<\/a>\n\t\t\t\t\t\t\t\t<\/div>\n\t\t\t\t<\/div>\n\t\t\t\t<\/div>\n\t\t\t\t\t<\/div>\n\t\t\t\t<\/div>\n\t\t\t\t<\/div>\n\t\t","protected":false},"excerpt":{"rendered":"<p>Strona g\u0142\u00f3wna | Blog | Parent Category | Category | Page Title Multimedia Kartingowe chwile, kt\u00f3re warto zapami\u0119ta\u0107 https:\/\/youtu.be\/wT3_FGffAkkhttps:\/\/youtu.be\/M_Y7wS9EpGQ Zdj\u0119cia i filmy, kt\u00f3re rozpalaj\u0105 wyobra\u017ani\u0119 To nie tylko pami\u0105tka, ale r\u00f3wnie\u017c \u015bwietna inspiracja do zorganizowania w\u0142asnego wydarzenia. Ogl\u0105daj\u0105c zdj\u0119cia i kr\u00f3tkie relacje wideo, \u0142atwo wyobrazi\u0107 sobie siebie i swoj\u0105 dru\u017cyn\u0119 na starcie. Regularnie uzupe\u0142niamy t\u0119 [&hellip;]<\/p>\n","protected":false},"author":1,"featured_media":0,"parent":0,"menu_order":0,"comment_status":"closed","ping_status":"closed","template":"","meta":{"footnotes":""},"class_list":["post-184","page","type-page","status-publish","hentry"],"_links":{"self":[{"href":"https:\/\/kartinggrandprix.pl\/index.php\/wp-json\/wp\/v2\/pages\/184","targetHints":{"allow":["GET"]}}],"collection":[{"href":"https:\/\/kartinggrandprix.pl\/index.php\/wp-json\/wp\/v2\/pages"}],"about":[{"href":"https:\/\/kartinggrandprix.pl\/index.php\/wp-json\/wp\/v2\/types\/page"}],"author":[{"embeddable":true,"href":"https:\/\/kartinggrandprix.pl\/index.php\/wp-json\/wp\/v2\/users\/1"}],"replies":[{"embeddable":true,"href":"https:\/\/kartinggrandprix.pl\/index.php\/wp-json\/wp\/v2\/comments?post=184"}],"version-history":[{"count":44,"href":"https:\/\/kartinggrandprix.pl\/index.php\/wp-json\/wp\/v2\/pages\/184\/revisions"}],"predecessor-version":[{"id":936,"href":"https:\/\/kartinggrandprix.pl\/index.php\/wp-json\/wp\/v2\/pages\/184\/revisions\/936"}],"wp:attachment":[{"href":"https:\/\/kartinggrandprix.pl\/index.php\/wp-json\/wp\/v2\/media?parent=184"}],"curies":[{"name":"wp","href":"https:\/\/api.w.org\/{rel}","templated":true}]}}